{"id":1251,"date":"2024-03-28T09:43:05","date_gmt":"2024-03-28T08:43:05","guid":{"rendered":"https:\/\/www.acceleraelcreixement.com\/login\/"},"modified":"2024-03-28T09:43:05","modified_gmt":"2024-03-28T08:43:05","slug":"login","status":"publish","type":"page","link":"https:\/\/www.acceleraelcreixement.com\/es\/login\/","title":{"rendered":"Login"},"content":{"rendered":"\t\t<div data-elementor-type=\"wp-page\" data-elementor-id=\"1251\" class=\"elementor elementor-1251 elementor-546\" data-elementor-post-type=\"page\">\n\t\t\t\t<div class=\"elementor-element elementor-element-a868a54 e-flex e-con-boxed e-con e-parent\" data-id=\"a868a54\" data-element_type=\"container\">\n\t\t\t\t\t<div class=\"e-con-inner\">\n\t\t\t\t<div class=\"elementor-element elementor-element-33b6b15 elementor-widget elementor-widget-heading\" data-id=\"33b6b15\" data-element_type=\"widget\" data-widget_type=\"heading.default\">\n\t\t\t\t<div class=\"elementor-widget-container\">\n\t\t\t\t\t<h2 class=\"elementor-heading-title elementor-size-default\">Login<\/h2>\t\t\t\t<\/div>\n\t\t\t\t<\/div>\n\t\t\t\t<div class=\"elementor-element elementor-element-62e96b1b elementor-widget elementor-widget-shortcode\" data-id=\"62e96b1b\" data-element_type=\"widget\" data-widget_type=\"shortcode.default\">\n\t\t\t\t<div class=\"elementor-widget-container\">\n\t\t\t\t\t\t\t<div class=\"elementor-shortcode\">\n<div class=\"um um-login um-538\">\n\t<div class=\"um-form\">\n\t\t<form method=\"post\" action=\"\" autocomplete=\"off\">\n\t\t\t<div class=\"um-row _um_row_1 \" style=\"margin: 0 0 30px 0;\"><div class=\"um-col-1\"><div  id=\"um_field_538_username\" class=\"um-field um-field-text  um-field-username um-field-text um-field-type_text\" data-key=\"username\"><div class=\"um-field-label\"><label for=\"username-538\">Usuari o Email<\/label><div class=\"um-clear\"><\/div><\/div><div class=\"um-field-area\"><input  autocomplete=\"off\" class=\"um-form-field valid \" type=\"text\" name=\"username-538\" id=\"username-538\" value=\"\" placeholder=\"\" data-validate=\"\" data-key=\"username\"  aria-invalid=\"false\" \/>\n\n\t\t\t\t\t\t<\/div><\/div><div  id=\"um_field_538_user_password\" class=\"um-field um-field-password  um-field-user_password um-field-password um-field-type_password\" data-key=\"user_password\"><div class=\"um-field-label\"><label for=\"user_password-538\">Contrasenya<\/label><div class=\"um-clear\"><\/div><\/div><div class=\"um-field-area\"><input class=\"um-form-field valid \" type=\"password\" name=\"user_password-538\" id=\"user_password-538\" value=\"\" placeholder=\"\" data-validate=\"\" data-key=\"user_password\"  aria-invalid=\"false\" \/>\n\n\t\t\t\t\t\t\t<\/div><\/div><\/div><\/div>\t<input type=\"hidden\" name=\"form_id\" id=\"form_id_538\" value=\"538\" \/>\n\t\t<p class=\"um_request_name\">\n\t\t<label for=\"um_request_538\">Only fill in if you are not human<\/label>\n\t\t<input type=\"hidden\" name=\"um_request\" id=\"um_request_538\" class=\"input\" value=\"\" size=\"25\" autocomplete=\"off\" \/>\n\t<\/p>\n\t<input type=\"hidden\" name=\"redirect_to\" id=\"redirect_to\" value=\"https:\/\/www.acceleraelcreixement.com\/es\/wp-json\/wp\/v2\/pages\/1251\" \/><input type=\"hidden\" id=\"_wpnonce\" name=\"_wpnonce\" value=\"7030133d3e\" \/><input type=\"hidden\" name=\"_wp_http_referer\" value=\"\/es\/wp-json\/wp\/v2\/pages\/1251\" \/>\n\t<div class=\"um-col-alt\">\n\n\t\t\n\n\t\t\t<div class=\"um-field um-field-c\">\n\t\t\t\t<div class=\"um-field-area\">\n\t\t\t\t\t<label class=\"um-field-checkbox\">\n\t\t\t\t\t\t<input type=\"checkbox\" name=\"rememberme\" value=\"1\"  \/>\n\t\t\t\t\t\t<span class=\"um-field-checkbox-state\"><i class=\"um-icon-android-checkbox-outline-blank\"><\/i><\/span>\n\t\t\t\t\t\t<span class=\"um-field-checkbox-option\"> Mantenerme conectado<\/span>\n\t\t\t\t\t<\/label>\n\t\t\t\t<\/div>\n\t\t\t<\/div>\n\n\t\t\t\t\t\t<div class=\"um-clear\"><\/div>\n\t\t\n\t\t\t<div class=\"um-center\">\n\t\t\t\t<input type=\"submit\" value=\"Acceder\" class=\"um-button\" id=\"um-submit-btn\" \/>\n\t\t\t<\/div>\n\n\t\t\n\t\t<div class=\"um-clear\"><\/div>\n\n\t<\/div>\n\n\t\n\t<div class=\"um-col-alt-b\">\n\t\t<a href=\"https:\/\/www.acceleraelcreixement.com\/es\/password-reset\/\" class=\"um-link-alt\">\n\t\t\t\u00bfHas olvidado la contrase\u00f1a?\t\t<\/a>\n\t<\/div>\n\n\t\t\t<\/form>\n\t<\/div>\n<\/div>\n<style>\n\t\t\t.um-538.um {\n\t\t\tmax-width: 450px;\n\t\t}\n\t\t<\/style>\n<\/div>\n\t\t\t\t\t\t<\/div>\n\t\t\t\t<\/div>\n\t\t\t\t\t<\/div>\n\t\t\t\t<\/div>\n\t\t\t\t<\/div>\n\t\t","protected":false},"excerpt":{"rendered":"","protected":false},"author":1,"featured_media":0,"parent":0,"menu_order":0,"comment_status":"closed","ping_status":"closed","template":"","meta":{"_acf_changed":false,"_bbp_topic_count":0,"_bbp_reply_count":0,"_bbp_total_topic_count":0,"_bbp_total_reply_count":0,"_bbp_voice_count":0,"_bbp_anonymous_reply_count":0,"_bbp_topic_count_hidden":0,"_bbp_reply_count_hidden":0,"_bbp_forum_subforum_count":0,"footnotes":""},"class_list":["post-1251","page","type-page","status-publish","hentry"],"acf":[],"yoast_head":"<!-- This site is optimized with the Yoast SEO plugin v26.1.1 - https:\/\/yoast.com\/wordpress\/plugins\/seo\/ -->\n<title>Login - Accelera el creixement. Programa d&#039;acceleraci\u00f3 empresarial a Barcelona<\/title>\n<meta name=\"robots\" content=\"index, follow, max-snippet:-1, max-image-preview:large, max-video-preview:-1\" \/>\n<link rel=\"canonical\" href=\"https:\/\/www.acceleraelcreixement.com\/es\/login\/\" \/>\n<meta property=\"og:locale\" content=\"es_ES\" \/>\n<meta property=\"og:type\" content=\"article\" \/>\n<meta property=\"og:title\" content=\"Login - Accelera el creixement. Programa d&#039;acceleraci\u00f3 empresarial a Barcelona\" \/>\n<meta property=\"og:url\" content=\"https:\/\/www.acceleraelcreixement.com\/es\/login\/\" \/>\n<meta property=\"og:site_name\" content=\"Accelera el creixement. Programa d&#039;acceleraci\u00f3 empresarial a Barcelona\" \/>\n<meta name=\"twitter:card\" content=\"summary_large_image\" \/>\n<meta name=\"twitter:label1\" content=\"Tiempo de lectura\" \/>\n\t<meta name=\"twitter:data1\" content=\"1 minuto\" \/>\n<script type=\"application\/ld+json\" class=\"yoast-schema-graph\">{\"@context\":\"https:\/\/schema.org\",\"@graph\":[{\"@type\":\"WebPage\",\"@id\":\"https:\/\/www.acceleraelcreixement.com\/es\/login\/\",\"url\":\"https:\/\/www.acceleraelcreixement.com\/es\/login\/\",\"name\":\"Login - Accelera el creixement. Programa d&#039;acceleraci\u00f3 empresarial a Barcelona\",\"isPartOf\":{\"@id\":\"https:\/\/www.acceleraelcreixement.com\/es\/#website\"},\"datePublished\":\"2024-03-28T08:43:05+00:00\",\"breadcrumb\":{\"@id\":\"https:\/\/www.acceleraelcreixement.com\/es\/login\/#breadcrumb\"},\"inLanguage\":\"es\",\"potentialAction\":[{\"@type\":\"ReadAction\",\"target\":[\"https:\/\/www.acceleraelcreixement.com\/es\/login\/\"]}]},{\"@type\":\"BreadcrumbList\",\"@id\":\"https:\/\/www.acceleraelcreixement.com\/es\/login\/#breadcrumb\",\"itemListElement\":[{\"@type\":\"ListItem\",\"position\":1,\"name\":\"Home\",\"item\":\"https:\/\/www.acceleraelcreixement.com\/es\/\"},{\"@type\":\"ListItem\",\"position\":2,\"name\":\"Login\"}]},{\"@type\":\"WebSite\",\"@id\":\"https:\/\/www.acceleraelcreixement.com\/es\/#website\",\"url\":\"https:\/\/www.acceleraelcreixement.com\/es\/\",\"name\":\"Accelera el creixement. Programa d&#039;acceleraci\u00f3 empresarial a Barcelona\",\"description\":\"\u2b50\u2b50\u2b50\u2b50\u2b50Programa per al creixement de pimes de la Diputaci\u00f3 de Barcelona i PIMEC. Acompanyament empresarial i suport d&#039;experts per a la internacionalitzaci\u00f3, la comercialitzaci\u00f3, la innovaci\u00f3, l&#039;organitzaci\u00f3 i la transformaci\u00f3 digital de les empreses. Comen\u00e7a a exportar i a vendre per internet, millora la gesti\u00f3, creix!\",\"potentialAction\":[{\"@type\":\"SearchAction\",\"target\":{\"@type\":\"EntryPoint\",\"urlTemplate\":\"https:\/\/www.acceleraelcreixement.com\/es\/?s={search_term_string}\"},\"query-input\":{\"@type\":\"PropertyValueSpecification\",\"valueRequired\":true,\"valueName\":\"search_term_string\"}}],\"inLanguage\":\"es\"}]}<\/script>\n<!-- \/ Yoast SEO plugin. -->","yoast_head_json":{"title":"Login - Accelera el creixement. Programa d&#039;acceleraci\u00f3 empresarial a Barcelona","robots":{"index":"index","follow":"follow","max-snippet":"max-snippet:-1","max-image-preview":"max-image-preview:large","max-video-preview":"max-video-preview:-1"},"canonical":"https:\/\/www.acceleraelcreixement.com\/es\/login\/","og_locale":"es_ES","og_type":"article","og_title":"Login - Accelera el creixement. Programa d&#039;acceleraci\u00f3 empresarial a Barcelona","og_url":"https:\/\/www.acceleraelcreixement.com\/es\/login\/","og_site_name":"Accelera el creixement. Programa d&#039;acceleraci\u00f3 empresarial a Barcelona","twitter_card":"summary_large_image","twitter_misc":{"Tiempo de lectura":"1 minuto"},"schema":{"@context":"https:\/\/schema.org","@graph":[{"@type":"WebPage","@id":"https:\/\/www.acceleraelcreixement.com\/es\/login\/","url":"https:\/\/www.acceleraelcreixement.com\/es\/login\/","name":"Login - Accelera el creixement. Programa d&#039;acceleraci\u00f3 empresarial a Barcelona","isPartOf":{"@id":"https:\/\/www.acceleraelcreixement.com\/es\/#website"},"datePublished":"2024-03-28T08:43:05+00:00","breadcrumb":{"@id":"https:\/\/www.acceleraelcreixement.com\/es\/login\/#breadcrumb"},"inLanguage":"es","potentialAction":[{"@type":"ReadAction","target":["https:\/\/www.acceleraelcreixement.com\/es\/login\/"]}]},{"@type":"BreadcrumbList","@id":"https:\/\/www.acceleraelcreixement.com\/es\/login\/#breadcrumb","itemListElement":[{"@type":"ListItem","position":1,"name":"Home","item":"https:\/\/www.acceleraelcreixement.com\/es\/"},{"@type":"ListItem","position":2,"name":"Login"}]},{"@type":"WebSite","@id":"https:\/\/www.acceleraelcreixement.com\/es\/#website","url":"https:\/\/www.acceleraelcreixement.com\/es\/","name":"Accelera el creixement. Programa d&#039;acceleraci\u00f3 empresarial a Barcelona","description":"\u2b50\u2b50\u2b50\u2b50\u2b50Programa per al creixement de pimes de la Diputaci\u00f3 de Barcelona i PIMEC. Acompanyament empresarial i suport d&#039;experts per a la internacionalitzaci\u00f3, la comercialitzaci\u00f3, la innovaci\u00f3, l&#039;organitzaci\u00f3 i la transformaci\u00f3 digital de les empreses. Comen\u00e7a a exportar i a vendre per internet, millora la gesti\u00f3, creix!","potentialAction":[{"@type":"SearchAction","target":{"@type":"EntryPoint","urlTemplate":"https:\/\/www.acceleraelcreixement.com\/es\/?s={search_term_string}"},"query-input":{"@type":"PropertyValueSpecification","valueRequired":true,"valueName":"search_term_string"}}],"inLanguage":"es"}]}},"_links":{"self":[{"href":"https:\/\/www.acceleraelcreixement.com\/es\/wp-json\/wp\/v2\/pages\/1251","targetHints":{"allow":["GET"]}}],"collection":[{"href":"https:\/\/www.acceleraelcreixement.com\/es\/wp-json\/wp\/v2\/pages"}],"about":[{"href":"https:\/\/www.acceleraelcreixement.com\/es\/wp-json\/wp\/v2\/types\/page"}],"author":[{"embeddable":true,"href":"https:\/\/www.acceleraelcreixement.com\/es\/wp-json\/wp\/v2\/users\/1"}],"replies":[{"embeddable":true,"href":"https:\/\/www.acceleraelcreixement.com\/es\/wp-json\/wp\/v2\/comments?post=1251"}],"version-history":[{"count":0,"href":"https:\/\/www.acceleraelcreixement.com\/es\/wp-json\/wp\/v2\/pages\/1251\/revisions"}],"wp:attachment":[{"href":"https:\/\/www.acceleraelcreixement.com\/es\/wp-json\/wp\/v2\/media?parent=1251"}],"curies":[{"name":"wp","href":"https:\/\/api.w.org\/{rel}","templated":true}]}}